{"id":58,"date":"2023-12-13T00:46:01","date_gmt":"2023-12-13T00:46:01","guid":{"rendered":"https:\/\/mapucealoreille.com\/?page_id=58"},"modified":"2023-12-13T02:35:02","modified_gmt":"2023-12-13T02:35:02","slug":"gratitude","status":"publish","type":"page","link":"https:\/\/mapucealoreille.com\/en\/gratitude\/","title":{"rendered":"Nous Soutenir"},"content":{"rendered":"<h2 class=\"wp-block-heading\">Merci pour vos dons!<\/h2>\n\n\n\n<p>Immense gratitude \u00e0 vous tous qui soutenez Ma Puce \u00e0 l\u2019Oreille dans ses aventures en faisant des&nbsp;<em><strong>dons ponctuels ou r\u00e9guliers<\/strong><\/em>. Cela nous donne les moyens et l\u2019\u00e9nergie de continuer \u00e0 explorer le monde pour trouver des inspirations, des solutions pour construire un monde plus harmonieux.<\/p>\n\n\n\n<p><strong>Pour faire un don, s\u00e9lectionnez un moyen de paiement pour \u00eatre redirig\u00e9 sur la page d\u00e9di\u00e9e<\/strong>:<\/p>\n\n\n\n<div class=\"wp-block-uagb-container uagb-block-966a6b77 alignfull uagb-is-root-container\"><div class=\"uagb-container-inner-blocks-wrap\">\n<div class=\"wp-block-uagb-container uagb-block-ce5ea5e4\">      \n\t\t\t<div class=\"uagb-icon-wrapper uagb-block-ad1b9ac5\"\n\t\t\tstyle=\"\" >\n\t\t\t\t\t\t\t\t\t<span class=\"uagb-svg-wrapper\" \n\t\t\t\t\t aria-label=\"circle-dollar-to-slot\"\t\t\t\t\ttabindex=\"0\">\t\t\n\t\t\t\t\t\t\t\t\t\t<a rel=\"noopener noreferrer\" href=\"https:\/\/donate.stripe.com\/00g6rnazo4x78KI7ss\" target=\"_self\"><svg xmlns=\"https:\/\/www.w3.org\/2000\/svg\" viewbox= \"0 0 512 512\" role=\"graphics-symbol\" aria-hidden=\"false\" aria-label=\"\"><path d=\"M326.7 403.7C304.7 411.6 280.8 416 256 416C231.2 416 207.3 411.6 185.3 403.7C184.1 403.6 184.7 403.5 184.5 403.4C154.4 392.4 127.6 374.6 105.9 352C70.04 314.6 48 263.9 48 208C48 93.12 141.1 0 256 0C370.9 0 464 93.12 464 208C464 263.9 441.1 314.6 406.1 352C405.1 353 404.1 354.1 403.1 355.1C381.7 376.4 355.7 393.2 326.7 403.7L326.7 403.7zM235.9 111.1V118C230.3 119.2 224.1 120.9 220 123.1C205.1 129.9 192.1 142.5 188.9 160.8C187.1 171 188.1 180.9 192.3 189.8C196.5 198.6 203 204.8 209.6 209.3C221.2 217.2 236.5 221.8 248.2 225.3L250.4 225.9C264.4 230.2 273.8 233.3 279.7 237.6C282.2 239.4 283.1 240.8 283.4 241.7C283.8 242.5 284.4 244.3 283.7 248.3C283.1 251.8 281.2 254.8 275.7 257.1C269.6 259.7 259.7 261 246.9 259C240.9 258 230.2 254.4 220.7 251.2C218.5 250.4 216.3 249.7 214.3 249C203.8 245.5 192.5 251.2 189 261.7C185.5 272.2 191.2 283.5 201.7 286.1C202.9 287.4 204.4 287.9 206.1 288.5C213.1 291.2 226.4 295.4 235.9 297.6V304C235.9 315.1 244.9 324.1 255.1 324.1C267.1 324.1 276.1 315.1 276.1 304V298.5C281.4 297.5 286.6 295.1 291.4 293.9C307.2 287.2 319.8 274.2 323.1 255.2C324.9 244.8 324.1 234.8 320.1 225.7C316.2 216.7 309.9 210.1 303.2 205.3C291.1 196.4 274.9 191.6 262.8 187.9L261.1 187.7C247.8 183.4 238.2 180.4 232.1 176.2C229.5 174.4 228.7 173.2 228.5 172.7C228.3 172.3 227.7 171.1 228.3 167.7C228.7 165.7 230.2 162.4 236.5 159.6C242.1 156.7 252.9 155.1 265.1 156.1C269.5 157.7 283 160.3 286.9 161.3C297.5 164.2 308.5 157.8 311.3 147.1C314.2 136.5 307.8 125.5 297.1 122.7C292.7 121.5 282.7 119.5 276.1 118.3V112C276.1 100.9 267.1 91.9 256 91.9C244.9 91.9 235.9 100.9 235.9 112V111.1zM48 352H63.98C83.43 377.9 108 399.7 136.2 416H64V448H448V416H375.8C403.1 399.7 428.6 377.9 448 352H464C490.5 352 512 373.5 512 400V464C512 490.5 490.5 512 464 512H48C21.49 512 0 490.5 0 464V400C0 373.5 21.49 352 48 352H48z\"><\/path><\/svg><\/a>\n\t\t\t\t\t\t\t\t\t<\/span>\n\t\t\t\t\t\t\t<\/div>\n\t\t\t<\/div>\n\n\n\n<div class=\"wp-block-uagb-container uagb-block-344a80d5\">\n<h3 class=\"wp-block-heading\">Stripe<\/h3>\n<\/div>\n<\/div><\/div>\n\n\n\n<div class=\"wp-block-uagb-container uagb-block-6e257aa8 alignfull uagb-is-root-container\"><div class=\"uagb-container-inner-blocks-wrap\">\n<div class=\"wp-block-uagb-container uagb-block-97a37257\">      \n\t\t\t<div class=\"uagb-icon-wrapper uagb-block-95da5a1b\"\n\t\t\tstyle=\"\" >\n\t\t\t\t\t\t\t\t\t<span class=\"uagb-svg-wrapper\" \n\t\t\t\t\t aria-label=\"paypal\"\t\t\t\t\ttabindex=\"0\">\t\t\n\t\t\t\t\t\t\t\t\t\t<a rel=\"noopener noreferrer\" href=\"https:\/\/paypal.me\/SophieNature\" target=\"_self\"><svg xmlns=\"https:\/\/www.w3.org\/2000\/svg\" viewbox= \"0 0 384 512\" role=\"graphics-symbol\" aria-hidden=\"false\" aria-label=\"\"><path d=\"M111.4 295.9c-3.5 19.2-17.4 108.7-21.5 134-.3 1.8-1 2.5-3 2.5H12.3c-7.6 0-13.1-6.6-12.1-13.9L58.8 46.6c1.5-9.6 10.1-16.9 20-16.9 152.3 0 165.1-3.7 204 11.4 60.1 23.3 65.6 79.5 44 140.3-21.5 62.6-72.5 89.5-140.1 90.3-43.4 .7-69.5-7-75.3 24.2zM357.1 152c-1.8-1.3-2.5-1.8-3 1.3-2 11.4-5.1 22.5-8.8 33.6-39.9 113.8-150.5 103.9-204.5 103.9-6.1 0-10.1 3.3-10.9 9.4-22.6 140.4-27.1 169.7-27.1 169.7-1 7.1 3.5 12.9 10.6 12.9h63.5c8.6 0 15.7-6.3 17.4-14.9 .7-5.4-1.1 6.1 14.4-91.3 4.6-22 14.3-19.7 29.3-19.7 71 0 126.4-28.8 142.9-112.3 6.5-34.8 4.6-71.4-23.8-92.6z\"><\/path><\/svg><\/a>\n\t\t\t\t\t\t\t\t\t<\/span>\n\t\t\t\t\t\t\t<\/div>\n\t\t\t<\/div>\n\n\n\n<div class=\"wp-block-uagb-container uagb-block-75369559\">\n<h3 class=\"wp-block-heading\">Paypal<\/h3>\n<\/div>\n<\/div><\/div>\n\n\n\n<div class=\"wp-block-uagb-container uagb-block-5f60634d alignfull uagb-is-root-container\"><div class=\"uagb-container-inner-blocks-wrap\">\n<div class=\"wp-block-uagb-container uagb-block-940e2726\">      \n\t\t\t<div class=\"uagb-icon-wrapper uagb-block-603d7836\"\n\t\t\tstyle=\"\" >\n\t\t\t\t\t\t\t\t\t<span class=\"uagb-svg-wrapper\" \n\t\t\t\t\t aria-label=\"coins\"\t\t\t\t\ttabindex=\"0\">\t\t\n\t\t\t\t\t\t\t\t\t\t<svg xmlns=\"https:\/\/www.w3.org\/2000\/svg\" viewbox= \"0 0 512 512\" role=\"graphics-symbol\" aria-hidden=\"false\" aria-label=\"\"><path d=\"M512 80C512 98.01 497.7 114.6 473.6 128C444.5 144.1 401.2 155.5 351.3 158.9C347.7 157.2 343.9 155.5 340.1 153.9C300.6 137.4 248.2 128 192 128C183.7 128 175.6 128.2 167.5 128.6L166.4 128C142.3 114.6 128 98.01 128 80C128 35.82 213.1 0 320 0C426 0 512 35.82 512 80V80zM160.7 161.1C170.9 160.4 181.3 160 192 160C254.2 160 309.4 172.3 344.5 191.4C369.3 204.9 384 221.7 384 240C384 243.1 383.3 247.9 381.9 251.7C377.3 264.9 364.1 277 346.9 287.3C346.9 287.3 346.9 287.3 346.9 287.3C346.8 287.3 346.6 287.4 346.5 287.5L346.5 287.5C346.2 287.7 345.9 287.8 345.6 288C310.6 307.4 254.8 320 192 320C132.4 320 79.06 308.7 43.84 290.9C41.97 289.9 40.15 288.1 38.39 288C14.28 274.6 0 258 0 240C0 205.2 53.43 175.5 128 164.6C138.5 163 149.4 161.8 160.7 161.1L160.7 161.1zM391.9 186.6C420.2 182.2 446.1 175.2 468.1 166.1C484.4 159.3 499.5 150.9 512 140.6V176C512 195.3 495.5 213.1 468.2 226.9C453.5 234.3 435.8 240.5 415.8 245.3C415.9 243.6 416 241.8 416 240C416 218.1 405.4 200.1 391.9 186.6V186.6zM384 336C384 354 369.7 370.6 345.6 384C343.8 384.1 342 385.9 340.2 386.9C304.9 404.7 251.6 416 192 416C129.2 416 73.42 403.4 38.39 384C14.28 370.6 .0003 354 .0003 336V300.6C12.45 310.9 27.62 319.3 43.93 326.1C83.44 342.6 135.8 352 192 352C248.2 352 300.6 342.6 340.1 326.1C347.9 322.9 355.4 319.2 362.5 315.2C368.6 311.8 374.3 308 379.7 304C381.2 302.9 382.6 301.7 384 300.6L384 336zM416 278.1C434.1 273.1 452.5 268.6 468.1 262.1C484.4 255.3 499.5 246.9 512 236.6V272C512 282.5 507 293 497.1 302.9C480.8 319.2 452.1 332.6 415.8 341.3C415.9 339.6 416 337.8 416 336V278.1zM192 448C248.2 448 300.6 438.6 340.1 422.1C356.4 415.3 371.5 406.9 384 396.6V432C384 476.2 298 512 192 512C85.96 512 .0003 476.2 .0003 432V396.6C12.45 406.9 27.62 415.3 43.93 422.1C83.44 438.6 135.8 448 192 448z\"><\/path><\/svg>\n\t\t\t\t\t\t\t\t\t<\/span>\n\t\t\t\t\t\t\t<\/div>\n\t\t\t<\/div>\n\n\n\n<div class=\"wp-block-uagb-container uagb-block-f4273d7c\">\n<div class=\"wp-block-group is-vertical is-layout-flex wp-container-core-group-is-layout-fe9cc265 wp-block-group-is-layout-flex\">\n<h3 class=\"wp-block-heading\">Monnaie Libre \u011e1<\/h3>\n\n\n\n<p>c5d8ktaaWFAHeuQJYpgKUCDuyM6fyeGZLCovdKkJvqo:G7Z<\/p>\n<\/div>\n<\/div>\n<\/div><\/div>","protected":false},"excerpt":{"rendered":"<p>Merci pour vos dons! Immense gratitude \u00e0 vous tous qui soutenez Ma Puce \u00e0 l\u2019Oreille dans ses aventures en faisant des&nbsp;dons ponctuels ou r\u00e9guliers. Cela nous donne les moyens et l\u2019\u00e9nergie de continuer \u00e0 explorer le monde pour trouver des inspirations, des solutions pour construire un monde plus harmonieux. Pour faire un don, s\u00e9lectionnez un [&hellip;]<\/p>\n","protected":false},"author":1,"featured_media":0,"parent":0,"menu_order":0,"comment_status":"closed","ping_status":"closed","template":"","meta":{"_uag_custom_page_level_css":"","site-sidebar-layout":"default","site-content-layout":"","ast-site-content-layout":"default","site-content-style":"default","site-sidebar-style":"default","ast-global-header-display":"","ast-banner-title-visibility":"","ast-main-header-display":"","ast-hfb-above-header-display":"","ast-hfb-below-header-display":"","ast-hfb-mobile-header-display":"","site-post-title":"","ast-breadcrumbs-content":"","ast-featured-img":"","footer-sml-layout":"","theme-transparent-header-meta":"","adv-header-id-meta":"","stick-header-meta":"","header-above-stick-meta":"","header-main-stick-meta":"","header-below-stick-meta":"","astra-migrate-meta-layouts":"default","ast-page-background-enabled":"default","ast-page-background-meta":{"desktop":{"background-color":"var(--ast-global-color-4)","background-image":"","background-repeat":"repeat","background-position":"center center","background-size":"auto","background-attachment":"scroll","background-type":"","background-media":"","overlay-type":"","overlay-color":"","overlay-opacity":"","overlay-gradient":""},"tablet":{"background-color":"","background-image":"","background-repeat":"repeat","background-position":"center center","background-size":"auto","background-attachment":"scroll","background-type":"","background-media":"","overlay-type":"","overlay-color":"","overlay-opacity":"","overlay-gradient":""},"mobile":{"background-color":"","background-image":"","background-repeat":"repeat","background-position":"center center","background-size":"auto","background-attachment":"scroll","background-type":"","background-media":"","overlay-type":"","overlay-color":"","overlay-opacity":"","overlay-gradient":""}},"ast-content-background-meta":{"desktop":{"background-color":"var(--ast-global-color-5)","background-image":"","background-repeat":"repeat","background-position":"center center","background-size":"auto","background-attachment":"scroll","background-type":"","background-media":"","overlay-type":"","overlay-color":"","overlay-opacity":"","overlay-gradient":""},"tablet":{"background-color":"var(--ast-global-color-5)","background-image":"","background-repeat":"repeat","background-position":"center center","background-size":"auto","background-attachment":"scroll","background-type":"","background-media":"","overlay-type":"","overlay-color":"","overlay-opacity":"","overlay-gradient":""},"mobile":{"background-color":"var(--ast-global-color-5)","background-image":"","background-repeat":"repeat","background-position":"center center","background-size":"auto","background-attachment":"scroll","background-type":"","background-media":"","overlay-type":"","overlay-color":"","overlay-opacity":"","overlay-gradient":""}},"footnotes":""},"class_list":["post-58","page","type-page","status-publish","hentry"],"uagb_featured_image_src":{"full":false,"thumbnail":false,"medium":false,"medium_large":false,"large":false,"1536x1536":false,"2048x2048":false,"trp-custom-language-flag":false,"woocommerce_thumbnail":false,"woocommerce_single":false,"woocommerce_gallery_thumbnail":false},"uagb_author_info":{"display_name":"mapucealoreille.com","author_link":"https:\/\/mapucealoreille.com\/en\/author\/mapucealoreille-com\/"},"uagb_comment_info":0,"uagb_excerpt":"Merci pour vos dons! Immense gratitude \u00e0 vous tous qui soutenez Ma Puce \u00e0 l\u2019Oreille dans ses aventures en faisant des&nbsp;dons ponctuels ou r\u00e9guliers. Cela nous donne les moyens et l\u2019\u00e9nergie de continuer \u00e0 explorer le monde pour trouver des inspirations, des solutions pour construire un monde plus harmonieux. Pour faire un don, s\u00e9lectionnez un&hellip;","_links":{"self":[{"href":"https:\/\/mapucealoreille.com\/en\/wp-json\/wp\/v2\/pages\/58","targetHints":{"allow":["GET"]}}],"collection":[{"href":"https:\/\/mapucealoreille.com\/en\/wp-json\/wp\/v2\/pages"}],"about":[{"href":"https:\/\/mapucealoreille.com\/en\/wp-json\/wp\/v2\/types\/page"}],"author":[{"embeddable":true,"href":"https:\/\/mapucealoreille.com\/en\/wp-json\/wp\/v2\/users\/1"}],"replies":[{"embeddable":true,"href":"https:\/\/mapucealoreille.com\/en\/wp-json\/wp\/v2\/comments?post=58"}],"version-history":[{"count":18,"href":"https:\/\/mapucealoreille.com\/en\/wp-json\/wp\/v2\/pages\/58\/revisions"}],"predecessor-version":[{"id":525,"href":"https:\/\/mapucealoreille.com\/en\/wp-json\/wp\/v2\/pages\/58\/revisions\/525"}],"wp:attachment":[{"href":"https:\/\/mapucealoreille.com\/en\/wp-json\/wp\/v2\/media?parent=58"}],"curies":[{"name":"wp","href":"https:\/\/api.w.org\/{rel}","templated":true}]}}